{"id":48,"date":"2025-10-10T12:28:54","date_gmt":"2025-10-10T12:28:54","guid":{"rendered":"https:\/\/fondsaai.org\/?page_id=48"},"modified":"2025-10-10T16:16:16","modified_gmt":"2025-10-10T16:16:16","slug":"activites","status":"publish","type":"page","link":"https:\/\/fondsaai.org\/?page_id=48","title":{"rendered":"Activit\u00e9s"},"content":{"rendered":"\n<figure class=\"wp-block-image size-large\"><img loading=\"lazy\" decoding=\"async\" width=\"1024\" height=\"737\" src=\"https:\/\/fondsaai.org\/wp-content\/uploads\/2025\/10\/Visite_PR_3-1024x737.jpg\" alt=\"\" class=\"wp-image-94\" srcset=\"https:\/\/fondsaai.org\/wp-content\/uploads\/2025\/10\/Visite_PR_3-1024x737.jpg 1024w, https:\/\/fondsaai.org\/wp-content\/uploads\/2025\/10\/Visite_PR_3-300x216.jpg 300w, https:\/\/fondsaai.org\/wp-content\/uploads\/2025\/10\/Visite_PR_3-768x553.jpg 768w, https:\/\/fondsaai.org\/wp-content\/uploads\/2025\/10\/Visite_PR_3.jpg 1280w\" sizes=\"auto, (max-width: 1024px) 100vw, 1024px\" \/><\/figure>\n\n\n\n<figure class=\"wp-block-image size-large\"><img loading=\"lazy\" decoding=\"async\" width=\"1024\" height=\"736\" src=\"https:\/\/fondsaai.org\/wp-content\/uploads\/2025\/10\/Visite_PR_2-1024x736.jpg\" alt=\"\" class=\"wp-image-93\" srcset=\"https:\/\/fondsaai.org\/wp-content\/uploads\/2025\/10\/Visite_PR_2-1024x736.jpg 1024w, https:\/\/fondsaai.org\/wp-content\/uploads\/2025\/10\/Visite_PR_2-300x216.jpg 300w, https:\/\/fondsaai.org\/wp-content\/uploads\/2025\/10\/Visite_PR_2-768x552.jpg 768w, https:\/\/fondsaai.org\/wp-content\/uploads\/2025\/10\/Visite_PR_2.jpg 1280w\" sizes=\"auto, (max-width: 1024px) 100vw, 1024px\" \/><\/figure>\n\n\n\n<figure class=\"wp-block-image size-large\"><img loading=\"lazy\" decoding=\"async\" width=\"1024\" height=\"736\" src=\"https:\/\/fondsaai.org\/wp-content\/uploads\/2025\/10\/Visite_PR_2-1024x736.jpg\" alt=\"\" class=\"wp-image-93\" srcset=\"https:\/\/fondsaai.org\/wp-content\/uploads\/2025\/10\/Visite_PR_2-1024x736.jpg 1024w, https:\/\/fondsaai.org\/wp-content\/uploads\/2025\/10\/Visite_PR_2-300x216.jpg 300w, https:\/\/fondsaai.org\/wp-content\/uploads\/2025\/10\/Visite_PR_2-768x552.jpg 768w, https:\/\/fondsaai.org\/wp-content\/uploads\/2025\/10\/Visite_PR_2.jpg 1280w\" sizes=\"auto, (max-width: 1024px) 100vw, 1024px\" \/><\/figure>\n\n\n\n<p>Audience du Pr\u00e9sident de la R\u00e9publique au Dr TAHA Pr\u00e9sident\u00a0de\u00a0la\u00a0BADEA<\/p>\n\n\n\n<p><\/p>\n","protected":false},"excerpt":{"rendered":"<p>Audience du Pr\u00e9sident de la R\u00e9publique au Dr TAHA Pr\u00e9sident\u00a0de\u00a0la\u00a0BADEA<\/p>\n","protected":false},"author":1,"featured_media":0,"parent":0,"menu_order":0,"comment_status":"closed","ping_status":"closed","template":"","meta":{"footnotes":""},"class_list":["post-48","page","type-page","status-publish","hentry"],"_links":{"self":[{"href":"https:\/\/fondsaai.org\/index.php?rest_route=\/wp\/v2\/pages\/48","targetHints":{"allow":["GET"]}}],"collection":[{"href":"https:\/\/fondsaai.org\/index.php?rest_route=\/wp\/v2\/pages"}],"about":[{"href":"https:\/\/fondsaai.org\/index.php?rest_route=\/wp\/v2\/types\/page"}],"author":[{"embeddable":true,"href":"https:\/\/fondsaai.org\/index.php?rest_route=\/wp\/v2\/users\/1"}],"replies":[{"embeddable":true,"href":"https:\/\/fondsaai.org\/index.php?rest_route=%2Fwp%2Fv2%2Fcomments&post=48"}],"version-history":[{"count":4,"href":"https:\/\/fondsaai.org\/index.php?rest_route=\/wp\/v2\/pages\/48\/revisions"}],"predecessor-version":[{"id":98,"href":"https:\/\/fondsaai.org\/index.php?rest_route=\/wp\/v2\/pages\/48\/revisions\/98"}],"wp:attachment":[{"href":"https:\/\/fondsaai.org\/index.php?rest_route=%2Fwp%2Fv2%2Fmedia&parent=48"}],"curies":[{"name":"wp","href":"https:\/\/api.w.org\/{rel}","templated":true}]}}