{"id":61,"date":"2025-10-10T12:35:31","date_gmt":"2025-10-10T12:35:31","guid":{"rendered":"https:\/\/fondsaai.org\/?page_id=61"},"modified":"2026-03-10T12:41:49","modified_gmt":"2026-03-10T12:41:49","slug":"services-de-credit-microcredit","status":"publish","type":"page","link":"https:\/\/fondsaai.org\/?page_id=61","title":{"rendered":"Services de cr\u00e9dit \/ microcr\u00e9dit"},"content":{"rendered":"\n<h3 class=\"wp-block-heading\"><strong>Cr\u00e9dit \u2013 Donnez vie \u00e0 vos projets<\/strong><\/h3>\n\n\n\n<blockquote class=\"wp-block-quote is-layout-flow wp-block-quote-is-layout-flow\">\n<p>Un r\u00eave, une id\u00e9e, un besoin urgent ? Nous vous accompagnons avec des cr\u00e9dits souples, rapides et adapt\u00e9s \u00e0 votre activit\u00e9.<\/p>\n\n\n\n<p>Nos cr\u00e9dits visent \u00e0 accompagner des projets de grandes envergure port\u00e9s par les entreprises,organisations,particuliers,jeunes et femmes.  <br>Nous proposons des solutions de financements adapt\u00e9s , des services financiers s\u00e9curis\u00e9s et un accompagnement professionnel; afin de soutenir la croissance et la cr\u00e9ation de la valeur , tout en contribuant durablement \u00e0 l&rsquo;inclusion financi\u00e8re<br><strong>Nos offres :<\/strong><\/p>\n<\/blockquote>\n\n\n\n<ul class=\"wp-block-list\">\n<li>Cr\u00e9dit immobilier<\/li>\n\n\n\n<li>Cr\u00e9dit commercial<\/li>\n\n\n\n<li>Cr\u00e9dit \u00e0 la consommation<\/li>\n\n\n\n<li>Cr\u00e9dit PME\/PMI<\/li>\n\n\n\n<li>Cr\u00e9dit de s\u00e9curit\u00e9 fonci\u00e8re<\/li>\n\n\n\n<li>Cr\u00e9dit agricole<\/li>\n\n\n\n<li>Cr\u00e9dit \u00e9v\u00e9nementiel<\/li>\n<\/ul>\n\n\n\n<p>&#x1f4a1; <em>Nos financements soutiennent vos ambitions et favorisent votre autonomie financi\u00e8re.<\/em><\/p>\n","protected":false},"excerpt":{"rendered":"<p>Cr\u00e9dit \u2013 Donnez vie \u00e0 vos projets Un r\u00eave, une id\u00e9e, un besoin urgent ? Nous vous accompagnons avec des cr\u00e9dits souples, rapides et adapt\u00e9s \u00e0 votre activit\u00e9. Nos cr\u00e9dits<\/p>\n<p><a href=\"https:\/\/fondsaai.org\/?page_id=61\" class=\"more-link\">Continue Reading<span class=\"screen-reader-text\">Services de cr\u00e9dit \/ microcr\u00e9dit<\/span><\/a><\/p>\n","protected":false},"author":1,"featured_media":0,"parent":0,"menu_order":0,"comment_status":"closed","ping_status":"closed","template":"","meta":{"footnotes":""},"class_list":["post-61","page","type-page","status-publish","hentry"],"_links":{"self":[{"href":"https:\/\/fondsaai.org\/index.php?rest_route=\/wp\/v2\/pages\/61","targetHints":{"allow":["GET"]}}],"collection":[{"href":"https:\/\/fondsaai.org\/index.php?rest_route=\/wp\/v2\/pages"}],"about":[{"href":"https:\/\/fondsaai.org\/index.php?rest_route=\/wp\/v2\/types\/page"}],"author":[{"embeddable":true,"href":"https:\/\/fondsaai.org\/index.php?rest_route=\/wp\/v2\/users\/1"}],"replies":[{"embeddable":true,"href":"https:\/\/fondsaai.org\/index.php?rest_route=%2Fwp%2Fv2%2Fcomments&post=61"}],"version-history":[{"count":4,"href":"https:\/\/fondsaai.org\/index.php?rest_route=\/wp\/v2\/pages\/61\/revisions"}],"predecessor-version":[{"id":242,"href":"https:\/\/fondsaai.org\/index.php?rest_route=\/wp\/v2\/pages\/61\/revisions\/242"}],"wp:attachment":[{"href":"https:\/\/fondsaai.org\/index.php?rest_route=%2Fwp%2Fv2%2Fmedia&parent=61"}],"curies":[{"name":"wp","href":"https:\/\/api.w.org\/{rel}","templated":true}]}}