{"id":62,"date":"2025-10-10T12:35:31","date_gmt":"2025-10-10T12:35:31","guid":{"rendered":"https:\/\/fondsaai.org\/?page_id=62"},"modified":"2026-03-10T13:03:30","modified_gmt":"2026-03-10T13:03:30","slug":"services-de-paiement-et-de-transfert","status":"publish","type":"page","link":"https:\/\/fondsaai.org\/?page_id=62","title":{"rendered":"Services mon\u00e9tiques"},"content":{"rendered":"\n<h3 class=\"wp-block-heading\"><strong>Monnaie \u00e9lectronique et services digitaux \u2013 Simple, rapide et s\u00e9curis\u00e9<\/strong><\/h3>\n\n\n\n<blockquote class=\"wp-block-quote is-layout-flow wp-block-quote-is-layout-flow\">\n<p>Approvisionnez votre activit\u00e9 en <strong>monnaie \u00e9lectronique<\/strong> et facilitez vos transactions au quotidien.<br>Gr\u00e2ce \u00e0 nos solutions num\u00e9riques et \u00e0 nos partenariats avec les op\u00e9rateurs Mobile Money, nous accompagnons les <strong>grossistes et distributeurs<\/strong> dans la gestion efficace de leurs op\u00e9rations.<br><strong>Nos services :<\/strong><\/p>\n<\/blockquote>\n\n\n\n<ul class=\"wp-block-list\">\n<li>Vente de <strong>monnaie \u00e9lectronique aux grossistes et revendeurs<\/strong><\/li>\n\n\n\n<li>Encaissement des paiements via <strong>Mobile Money<\/strong><\/li>\n\n\n\n<li>Remboursement de <strong>cr\u00e9dits via Mobile Money<\/strong><\/li>\n\n\n\n<li>Services de transactions et op\u00e9rations digitales rapides et s\u00e9curis\u00e9es<\/li>\n\n\n\n<li>Paiement d\u2019imp\u00f4ts, taxes et redevances<\/li>\n<\/ul>\n\n\n\n<p>&#x1f4a1; <em>Un r\u00e9seau fiable et s\u00e9curis\u00e9 pour effectuer vos transactions \u00e9lectroniques rapidement et en toute confiance.<\/em><\/p>\n","protected":false},"excerpt":{"rendered":"<p>Monnaie \u00e9lectronique et services digitaux \u2013 Simple, rapide et s\u00e9curis\u00e9 Approvisionnez votre activit\u00e9 en monnaie \u00e9lectronique et facilitez vos transactions au quotidien.Gr\u00e2ce \u00e0 nos solutions num\u00e9riques et \u00e0 nos partenariats<\/p>\n<p><a href=\"https:\/\/fondsaai.org\/?page_id=62\" class=\"more-link\">Continue Reading<span class=\"screen-reader-text\">Services mon\u00e9tiques<\/span><\/a><\/p>\n","protected":false},"author":1,"featured_media":0,"parent":0,"menu_order":0,"comment_status":"closed","ping_status":"closed","template":"","meta":{"footnotes":""},"class_list":["post-62","page","type-page","status-publish","hentry"],"_links":{"self":[{"href":"https:\/\/fondsaai.org\/index.php?rest_route=\/wp\/v2\/pages\/62","targetHints":{"allow":["GET"]}}],"collection":[{"href":"https:\/\/fondsaai.org\/index.php?rest_route=\/wp\/v2\/pages"}],"about":[{"href":"https:\/\/fondsaai.org\/index.php?rest_route=\/wp\/v2\/types\/page"}],"author":[{"embeddable":true,"href":"https:\/\/fondsaai.org\/index.php?rest_route=\/wp\/v2\/users\/1"}],"replies":[{"embeddable":true,"href":"https:\/\/fondsaai.org\/index.php?rest_route=%2Fwp%2Fv2%2Fcomments&post=62"}],"version-history":[{"count":4,"href":"https:\/\/fondsaai.org\/index.php?rest_route=\/wp\/v2\/pages\/62\/revisions"}],"predecessor-version":[{"id":244,"href":"https:\/\/fondsaai.org\/index.php?rest_route=\/wp\/v2\/pages\/62\/revisions\/244"}],"wp:attachment":[{"href":"https:\/\/fondsaai.org\/index.php?rest_route=%2Fwp%2Fv2%2Fmedia&parent=62"}],"curies":[{"name":"wp","href":"https:\/\/api.w.org\/{rel}","templated":true}]}}