{"id":65,"date":"2025-10-10T12:35:31","date_gmt":"2025-10-10T12:35:31","guid":{"rendered":"https:\/\/fondsaai.org\/?page_id=65"},"modified":"2025-10-10T13:16:29","modified_gmt":"2025-10-10T13:16:29","slug":"autres-services-innovants","status":"publish","type":"page","link":"https:\/\/fondsaai.org\/?page_id=65","title":{"rendered":"Autres services innovants"},"content":{"rendered":"\n<h3 class=\"wp-block-heading\"><strong>Services num\u00e9riques \u2013 La finance \u00e0 port\u00e9e de main<\/strong><\/h3>\n\n\n\n<blockquote class=\"wp-block-quote is-layout-flow wp-block-quote-is-layout-flow\">\n<p>La modernit\u00e9 au service de la proximit\u00e9 !<br>Nos services digitaux vous permettent de g\u00e9rer vos finances sans contrainte de temps ou de distance.<br><strong>Nos solutions :<\/strong><\/p>\n<\/blockquote>\n\n\n\n<ul class=\"wp-block-list\">\n<li>Consultation de compte en ligne<\/li>\n\n\n\n<li>D\u00e9p\u00f4ts et retraits via mobile<\/li>\n\n\n\n<li>Alertes SMS et notifications<\/li>\n\n\n\n<li>Carte pr\u00e9pay\u00e9e pour vos op\u00e9rations quotidiennes<\/li>\n<\/ul>\n\n\n\n<p>&#x1f4a1; <em>Simple. S\u00e9curis\u00e9. Accessible 24h\/24.<\/em><\/p>\n","protected":false},"excerpt":{"rendered":"<p>Services num\u00e9riques \u2013 La finance \u00e0 port\u00e9e de main La modernit\u00e9 au service de la proximit\u00e9 !Nos services digitaux vous permettent de g\u00e9rer vos finances sans contrainte de temps ou<\/p>\n<p><a href=\"https:\/\/fondsaai.org\/?page_id=65\" class=\"more-link\">Continue Reading<span class=\"screen-reader-text\">Autres services innovants<\/span><\/a><\/p>\n","protected":false},"author":1,"featured_media":0,"parent":0,"menu_order":0,"comment_status":"closed","ping_status":"closed","template":"","meta":{"footnotes":""},"class_list":["post-65","page","type-page","status-publish","hentry"],"_links":{"self":[{"href":"https:\/\/fondsaai.org\/index.php?rest_route=\/wp\/v2\/pages\/65","targetHints":{"allow":["GET"]}}],"collection":[{"href":"https:\/\/fondsaai.org\/index.php?rest_route=\/wp\/v2\/pages"}],"about":[{"href":"https:\/\/fondsaai.org\/index.php?rest_route=\/wp\/v2\/types\/page"}],"author":[{"embeddable":true,"href":"https:\/\/fondsaai.org\/index.php?rest_route=\/wp\/v2\/users\/1"}],"replies":[{"embeddable":true,"href":"https:\/\/fondsaai.org\/index.php?rest_route=%2Fwp%2Fv2%2Fcomments&post=65"}],"version-history":[{"count":2,"href":"https:\/\/fondsaai.org\/index.php?rest_route=\/wp\/v2\/pages\/65\/revisions"}],"predecessor-version":[{"id":88,"href":"https:\/\/fondsaai.org\/index.php?rest_route=\/wp\/v2\/pages\/65\/revisions\/88"}],"wp:attachment":[{"href":"https:\/\/fondsaai.org\/index.php?rest_route=%2Fwp%2Fv2%2Fmedia&parent=65"}],"curies":[{"name":"wp","href":"https:\/\/api.w.org\/{rel}","templated":true}]}}